{"id":3,"date":"2023-01-24T15:42:28","date_gmt":"2023-01-24T15:42:28","guid":{"rendered":"http:\/\/www.modehotel.it\/?page_id=3"},"modified":"2025-04-28T08:06:29","modified_gmt":"2025-04-28T08:06:29","slug":"privacy-policy","status":"publish","type":"page","link":"https:\/\/www.modehotel.it\/it_it\/privacy-policy\/","title":{"rendered":"Privacy Policy"},"content":{"rendered":"<div class=\"fusion-fullwidth fullwidth-box fusion-builder-row-1 fusion-flex-container has-pattern-background has-mask-background nonhundred-percent-fullwidth non-hundred-percent-height-scrolling\" style=\"--awb-border-radius-top-left:0px;--awb-border-radius-top-right:0px;--awb-border-radius-bottom-right:0px;--awb-border-radius-bottom-left:0px;--awb-flex-wrap:wrap;\" ><div class=\"fusion-builder-row fusion-row fusion-flex-align-items-flex-start fusion-flex-content-wrap\" style=\"max-width:1320.8px;margin-left: calc(-4% \/ 2 );margin-right: calc(-4% \/ 2 );\"><div class=\"fusion-layout-column fusion_builder_column fusion-builder-column-0 fusion_builder_column_1_1 1_1 fusion-flex-column\" style=\"--awb-bg-size:cover;--awb-width-large:100%;--awb-margin-top-large:25px;--awb-spacing-right-large:1.92%;--awb-margin-bottom-large:25px;--awb-spacing-left-large:1.92%;--awb-width-medium:100%;--awb-order-medium:0;--awb-spacing-right-medium:1.92%;--awb-spacing-left-medium:1.92%;--awb-width-small:100%;--awb-order-small:0;--awb-spacing-right-small:1.92%;--awb-spacing-left-small:1.92%;\"><div class=\"fusion-column-wrapper fusion-column-has-shadow fusion-flex-justify-content-flex-start fusion-content-layout-column\"><div class=\"fusion-text fusion-text-1\"><p>Se stai leggendo questa policy significa che sei approdato sul nostro sito web. Ti forniamo queste indicazioni perch\u00e9 tu possa sapere come trattiamo i tuoi dati personali quando navighi sul nostro sito web o quando interagisci con noi tramite esso: ad esempio, quando ci scrivi, quando compri, quando ti iscrivi alla nostra newsletter. In tutte queste occasioni, e non solo, noi trattiamo alcuni tuoi dati personali. Lo facciamo in conformit\u00e0 al Regolamento UE 679\/2016 (GDPR) e in conformit\u00e0 al Codice privacy come modificato dal D.lgs. 101\/2018.<strong>\u00a0<\/strong><\/p>\n<p><strong>Chi \u00e8 il Titolare del trattamento dei tuoi dati?<\/strong><\/p>\n<p>Il Titolare del trattamento dei dati raccolti tramite questo sito \u00e8 <strong><u>Teamwork srl<\/u><\/strong> con sede legale in Via Macanno 38\/q, Rimini RN \u2013 P.IVA 02581030406, (nel proseguo anche \u201c<strong>Titolare<\/strong>\u201d). Puoi contattare il Titolare al seguente indirizzo e-mail <a href=\"mailto:info@teamworkhospitality.com\" target=\"_blank\" rel=\"noopener\">info@teamworkhospitality.com<\/a> o scrivendoci al nostro indirizzo postale.<\/p>\n<p><strong>Perch\u00e9 trattiamo i tuoi dati e quando li raccogliamo?<\/strong><\/p>\n<p><strong>DATI DI NAVIGAZIONE<\/strong><\/p>\n<p>I sistemi informatici e le procedure software preposte al funzionamento di questo sito acquisiscono, nel corso del loro normale esercizio, alcuni dati personali la cui trasmissione \u00e8 implicita nell&#8217;uso dei protocolli di comunicazione di Internet.<\/p>\n<p>In questa categoria di dati rientrano gli indirizzi IP o i nomi a dominio dei computer e dei terminali utilizzati dagli utenti, gli indirizzi in notazione URI\/URL delle risorse richieste, l&#8217;orario della richiesta, il metodo utilizzato nel sottoporre la richiesta al server, la dimensione del file ottenuto in risposta, il codice numerico indicante lo stato della risposta data dal server (buon fine, errore, ecc.) ed altri parametri relativi al sistema operativo e all&#8217;ambiente informatico dell&#8217;utente.<\/p>\n<p><strong>Possiamo farlo senza il tuo consenso? <\/strong>S\u00ec, in quanto i dati sono necessari per la comunicazione di Internet e per permetterti di usufruire del sito (art. 6, lett. f, GDPR).<\/p>\n<p><strong>Quanto tempo conserviamo questi dati?<\/strong> I dati di navigazione non persistono per pi\u00f9 di sette giorni (salve eventuali necessit\u00e0 di accertamento di reati da parte dell&#8217;Autorit\u00e0 giudiziaria).<\/p>\n<p><strong>DATI RELATIVI AI COOKIE<\/strong><\/p>\n<p>In qualit\u00e0 di Titolari, durante la navigazione sul nostro sito, raccogliamo alcuni tuoi dati ai fini di analisi ed elaborazione di informazioni, alle tue preferenze, esperienze di navigazione. Per svolgere questa attivit\u00e0 utilizziamo tecnologie come i cookie (propri o di terze parti).<\/p>\n<p><strong>Possiamo farlo senza il tuo consenso? <\/strong>In parte. La raccolta dei dati mediante utilizzo dei cookie tecnici, utili alla corretta funzionalit\u00e0 e sicurezza del sito, avviene sulla base di un nostro legittimo interesse (art. 6, lett. f, GDPR). La raccolta dei dati personali mediante utilizzo dei cookie, propri e di terze parti, non strettamente necessari avviene solo previo tuo consenso espresso (art. 6 lett. a, GDPR). Di questo ti avvisiamo tramite apposito banner che trovi in calce al sito quando ti colleghi per la prima volta. Qui potrai scegliere analiticamente quali cookie vuoi installare. Per maggiori informazioni su cosa sono i cookie, sulla loro funzione, ecc. puoi leggere la nostra <u>cookie policy<\/u>.<\/p>\n<p><strong>Quanto tempo conserviamo questi dati?<\/strong> Il tempo di conservazione di questi dati \u00e8 definito nel banner dei cookie, scegliendo di visualizzarli analiticamente, o nel men\u00f9 di impostazioni che trovi in basso a sinistra in ogni pagina del sito cerca questo simbolo:<\/p>\n<p><img decoding=\"async\" class=\"lazyload alignnone size-full wp-image-3693\" src=\"http:\/\/www.modehotel.it\/wp-content\/uploads\/2024\/04\/cookies.png\" data-orig-src=\"http:\/\/www.modehotel.it\/wp-content\/uploads\/2024\/04\/cookies.png\" alt=\"\" width=\"43\" height=\"40\" srcset=\"data:image\/svg+xml,%3Csvg%20xmlns%3D%27http%3A%2F%2Fwww.w3.org%2F2000%2Fsvg%27%20width%3D%2743%27%20height%3D%2740%27%20viewBox%3D%270%200%2043%2040%27%3E%3Crect%20width%3D%2743%27%20height%3D%2740%27%20fill-opacity%3D%220%22%2F%3E%3C%2Fsvg%3E\" data-srcset=\"https:\/\/www.modehotel.it\/wp-content\/uploads\/2024\/04\/cookies-13x12.png 13w, https:\/\/www.modehotel.it\/wp-content\/uploads\/2024\/04\/cookies.png 43w\" data-sizes=\"auto\" data-orig-sizes=\"(max-width: 43px) 100vw, 43px\" \/><\/p>\n<p><strong>AREA CONTATTACI<\/strong><\/p>\n<p>Se decidi di contattarci tramite il form presente sul nostro sito, tratteremo i tuoi dati anagrafici e quelli relativi al tuo indirizzo e-mail.<\/p>\n<p><strong>Possiamo farlo senza il tuo consenso?<\/strong> S\u00ec, perch\u00e9 stiamo dando seguito ad una tua richiesta (art. 6, lett. b, GDPR).<\/p>\n<p><strong>Quanto tempo conserviamo questi dati?<\/strong> Conserviamo questi dati per il tempo necessario all\u2019evasione della tua richiesta.<\/p>\n<p><strong>AREA E-COMMERCE<\/strong><\/p>\n<p>Sul nostro sito potrai anche acquistare i nostri prodotti e servizi. In questo caso tratteremo i tuoi dati anagrafici, di contatto, di pagamento, per poter finalizzare il tuo acquisto.<\/p>\n<p><strong>Possiamo trattare questi dati senza il tuo consenso? <\/strong>S\u00ec, perch\u00e9 ci servono per eseguire un contratto (art. 6, lett. b, GDPR).<\/p>\n<p><strong>Quanto tempo conserviamo questi dati? <\/strong>Conserviamo questi dati per 10 anni (art. 2220 Codice civile).<\/p>\n<p><strong>NEWSLETTER<\/strong><\/p>\n<p>Sul sito \u00e8 anche possibile iscriversi alla nostra newsletter e in questo caso tratteremo il tuo nome, cognome e indirizzo l\u2019indirizzo e-mail.<\/p>\n<p><strong>Possiamo farlo senza il tuo consenso?<\/strong> S\u00ec, perch\u00e9 stiamo eseguendo una tua richiesta (art. 6, lett. b, GDPR).<\/p>\n<p><strong>Quanto tempo conserviamo questi dati?<\/strong> Conserveremo questi dati per 36 mesi dal momento dell\u2019ultima interazione con noi. In ogni momento potrai comunque richiedere la cancellazione dei tuoi dati e provvederemo immediatamente.<\/p>\n<p><strong>Come trattiamo i tuoi dati?<\/strong><\/p>\n<p>Il trattamento dei tuoi dati avviene mediante l\u2019utilizzo di strumenti e procedure idonee a garantirne la sicurezza e la riservatezza, e pu\u00f2 essere effettuato sia tramite il nostro sito web che attraverso altri strumenti elettronici (ad esempio gestionali interni) e talvolta anche con l&#8217;ausilio di supporti cartacei. Oltre al Titolare, in alcuni casi, potrebbero avere accesso ai dati altri soggetti coinvolti nell\u2019organizzazione di questo Sito Web (personale amministrativo, commerciale, amministratori di sistema, ecc.) ovvero soggetti esterni (come fornitori di servizi tecnici terzi, hosting provider, societ\u00e0 informatiche, agenzie di comunicazione, agenzie di data entry) nominati, nelle ipotesi previste dalla normativa, Responsabili del Trattamento da parte nostra. Puoi ottenere l\u2019elenco completo dei responsabili del trattamento scrivendoci all\u2019indirizzo e-mail <a href=\"mailto:info@teamworkhospitality.com\" target=\"_blank\" rel=\"noopener\">info@teamworkhospitality.com<\/a><\/p>\n<p><strong>Dove sono i tuoi dati?<\/strong><\/p>\n<p>I trattamenti che effettuiamo con i tuoi dati personali avvengono principalmente su suolo europeo. I tuoi dati di navigazione (indirizzo IP), invece, attraverso l\u2019installazione dei cookie, potranno essere trasferiti fuori dall\u2019Unione europea ed in particolare negli Stati Uniti (a titolo esemplificativo e non esaustivo, Google).<\/p>\n<p><strong>Chi accede ai tuoi dati?<\/strong><\/p>\n<p>I tuoi dati potranno essere resi accessibili ai dipendenti e collaboratori del Titolare nella loro qualit\u00e0 di incaricati del trattamento e\/o amministratori di sistema e\/o altri soggetti (a titolo indicativo: studi professionali, consulenti, software house che ci forniscono i gestionali, ecc.) che svolgono attivit\u00e0 in outsourcing per nostro conto, nella loro qualit\u00e0 di responsabili esterni del trattamento.<\/p>\n<p>In nessun modo diffondiamo i tuoi dati.<\/p>\n<p>I destinatari del trattamento, invece, sono coloro che ricevono comunicazioni di dati personali da parte del Titolare, ma che, a seguito di tale comunicazione, agiscono in veste di autonomi Titolari. Fra questi:<\/p>\n<ul>\n<li>Facebook, Instagram, Youtube e altre piattaforme del Titolare. Quando clicchi sulle icone dei social network e delle piattaforme verrai reindirizzato su pagine esterne al sito web e accetti di condividere alcuni tuoi dati con i Titolari di quel servizio. Le informazioni che condividi saranno quindi regolate dalle politiche sulla privacy del Social Network o della Piattaforma che hai scelto.<\/li>\n<\/ul>\n<p><strong>Quali sono i tuoi diritti?<\/strong><\/p>\n<p>In qualit\u00e0 di interessato, hai molteplici diritti. Ad esempio, il diritto di ottenere, nei casi previsti, l&#8217;accesso ai tuoi dati personali e la rettifica o la cancellazione degli stessi o la limitazione del trattamento che li riguarda o di opporti al trattamento (per sapere quali sono tutti i tuoi diritti puoi consultare il Regolamento agli artt. 15 e seguenti). Per esercitare i tuoi diritti puoi invece scriverci o telefonarci ai contatti che trovi all\u2019inizio di questa informativa.<\/p>\n<p><strong>Diritto di reclamo<\/strong><\/p>\n<p>Nel caso ritenessi che il trattamento violi i tuoi diritti in qualche modo potrai proporre reclamo all\u2019Autorit\u00e0 Garante per la protezione dei dati personali, verificando le modalit\u00e0 sul sito web <a href=\"http:\/\/www.garanteprivacy.it\/\">www.garanteprivacy.it<\/a>. Nella seguente pagina <a href=\"https:\/\/www.garanteprivacy.it\/home\/docweb\/-\/docweb-display\/docweb\/4535524\">https:\/\/www.garanteprivacy.it\/home\/docweb\/-\/docweb-display\/docweb\/4535524<\/a>\u00a0 \u00e8 possibile visionare il modello di reclamo.<\/p>\n<p><strong>Tutela della privacy dei minori<\/strong><\/p>\n<p>Questo sito web si rivolge a un pubblico generico, tuttavia i suoi servizi sono destinati a persone di et\u00e0 pari o superiore a 18 anni. Noi non richiediamo, non raccogliamo, non utilizziamo n\u00e9 divulghiamo dati personali forniti da persone di et\u00e0 inferiore a 18 anni online. Qualora scoprissimo di aver raccolto personalmente dati di un minore li cancelleremo immediatamente.<\/p>\n<p><em>Privacy policy aggiornata ad aprile 2024 <\/em><\/p>\n<\/div><\/div><\/div><\/div><\/div>\n","protected":false},"excerpt":{"rendered":"","protected":false},"author":1,"featured_media":0,"parent":0,"menu_order":0,"comment_status":"closed","ping_status":"open","template":"","meta":{"footnotes":""},"class_list":["post-3","page","type-page","status-publish","hentry"],"yoast_head":"<!-- This site is optimized with the Yoast SEO plugin v27.3 - https:\/\/yoast.com\/product\/yoast-seo-wordpress\/ -->\n<title>Privacy Policy - Eco Mood Hotel<\/title>\n<meta name=\"robots\" content=\"index, follow, max-snippet:-1, max-image-preview:large, max-video-preview:-1\" \/>\n<link rel=\"canonical\" href=\"https:\/\/www.modehotel.it\/it_it\/privacy-policy\/\" \/>\n<meta property=\"og:locale\" content=\"it_IT\" \/>\n<meta property=\"og:type\" content=\"article\" \/>\n<meta property=\"og:title\" content=\"Privacy Policy - Eco Mood Hotel\" \/>\n<meta property=\"og:url\" content=\"https:\/\/www.modehotel.it\/it_it\/privacy-policy\/\" \/>\n<meta property=\"og:site_name\" content=\"Eco Mood Hotel\" \/>\n<meta property=\"article:modified_time\" content=\"2025-04-28T08:06:29+00:00\" \/>\n<meta property=\"og:image\" content=\"http:\/\/www.modehotel.it\/wp-content\/uploads\/2024\/04\/cookies.png\" \/>\n<meta name=\"twitter:card\" content=\"summary_large_image\" \/>\n<meta name=\"twitter:label1\" content=\"Tempo di lettura stimato\" \/>\n\t<meta name=\"twitter:data1\" content=\"7 minuti\" \/>\n<script type=\"application\/ld+json\" class=\"yoast-schema-graph\">{\"@context\":\"https:\\\/\\\/schema.org\",\"@graph\":[{\"@type\":\"WebPage\",\"@id\":\"https:\\\/\\\/www.modehotel.it\\\/it_it\\\/privacy-policy\\\/\",\"url\":\"https:\\\/\\\/www.modehotel.it\\\/it_it\\\/privacy-policy\\\/\",\"name\":\"Privacy Policy - Eco Mood Hotel\",\"isPartOf\":{\"@id\":\"https:\\\/\\\/www.modehotel.it\\\/it_it\\\/#website\"},\"primaryImageOfPage\":{\"@id\":\"https:\\\/\\\/www.modehotel.it\\\/it_it\\\/privacy-policy\\\/#primaryimage\"},\"image\":{\"@id\":\"https:\\\/\\\/www.modehotel.it\\\/it_it\\\/privacy-policy\\\/#primaryimage\"},\"thumbnailUrl\":\"http:\\\/\\\/www.modehotel.it\\\/wp-content\\\/uploads\\\/2024\\\/04\\\/cookies.png\",\"datePublished\":\"2023-01-24T15:42:28+00:00\",\"dateModified\":\"2025-04-28T08:06:29+00:00\",\"breadcrumb\":{\"@id\":\"https:\\\/\\\/www.modehotel.it\\\/it_it\\\/privacy-policy\\\/#breadcrumb\"},\"inLanguage\":\"it-IT\",\"potentialAction\":[{\"@type\":\"ReadAction\",\"target\":[\"https:\\\/\\\/www.modehotel.it\\\/it_it\\\/privacy-policy\\\/\"]}]},{\"@type\":\"ImageObject\",\"inLanguage\":\"it-IT\",\"@id\":\"https:\\\/\\\/www.modehotel.it\\\/it_it\\\/privacy-policy\\\/#primaryimage\",\"url\":\"http:\\\/\\\/www.modehotel.it\\\/wp-content\\\/uploads\\\/2024\\\/04\\\/cookies.png\",\"contentUrl\":\"http:\\\/\\\/www.modehotel.it\\\/wp-content\\\/uploads\\\/2024\\\/04\\\/cookies.png\"},{\"@type\":\"BreadcrumbList\",\"@id\":\"https:\\\/\\\/www.modehotel.it\\\/it_it\\\/privacy-policy\\\/#breadcrumb\",\"itemListElement\":[{\"@type\":\"ListItem\",\"position\":1,\"name\":\"Home\",\"item\":\"https:\\\/\\\/www.modehotel.it\\\/\"},{\"@type\":\"ListItem\",\"position\":2,\"name\":\"Privacy Policy\"}]},{\"@type\":\"WebSite\",\"@id\":\"https:\\\/\\\/www.modehotel.it\\\/it_it\\\/#website\",\"url\":\"https:\\\/\\\/www.modehotel.it\\\/it_it\\\/\",\"name\":\"www.modehotel.it\",\"description\":\"doing things differently\",\"publisher\":{\"@id\":\"https:\\\/\\\/www.modehotel.it\\\/it_it\\\/#organization\"},\"alternateName\":\"Mode Hotel - Eco Mood Hotel\",\"potentialAction\":[{\"@type\":\"SearchAction\",\"target\":{\"@type\":\"EntryPoint\",\"urlTemplate\":\"https:\\\/\\\/www.modehotel.it\\\/it_it\\\/?s={search_term_string}\"},\"query-input\":{\"@type\":\"PropertyValueSpecification\",\"valueRequired\":true,\"valueName\":\"search_term_string\"}}],\"inLanguage\":\"it-IT\"},{\"@type\":\"Organization\",\"@id\":\"https:\\\/\\\/www.modehotel.it\\\/it_it\\\/#organization\",\"name\":\"www.modehotel.it\",\"url\":\"https:\\\/\\\/www.modehotel.it\\\/it_it\\\/\",\"logo\":{\"@type\":\"ImageObject\",\"inLanguage\":\"it-IT\",\"@id\":\"https:\\\/\\\/www.modehotel.it\\\/it_it\\\/#\\\/schema\\\/logo\\\/image\\\/\",\"url\":\"https:\\\/\\\/www.modehotel.it\\\/wp-content\\\/uploads\\\/2023\\\/03\\\/eco-mood-hotel-small.png\",\"contentUrl\":\"https:\\\/\\\/www.modehotel.it\\\/wp-content\\\/uploads\\\/2023\\\/03\\\/eco-mood-hotel-small.png\",\"width\":200,\"height\":82,\"caption\":\"www.modehotel.it\"},\"image\":{\"@id\":\"https:\\\/\\\/www.modehotel.it\\\/it_it\\\/#\\\/schema\\\/logo\\\/image\\\/\"}}]}<\/script>\n<!-- \/ Yoast SEO plugin. -->","yoast_head_json":{"title":"Privacy Policy - Eco Mood Hotel","robots":{"index":"index","follow":"follow","max-snippet":"max-snippet:-1","max-image-preview":"max-image-preview:large","max-video-preview":"max-video-preview:-1"},"canonical":"https:\/\/www.modehotel.it\/it_it\/privacy-policy\/","og_locale":"it_IT","og_type":"article","og_title":"Privacy Policy - Eco Mood Hotel","og_url":"https:\/\/www.modehotel.it\/it_it\/privacy-policy\/","og_site_name":"Eco Mood Hotel","article_modified_time":"2025-04-28T08:06:29+00:00","og_image":[{"url":"http:\/\/www.modehotel.it\/wp-content\/uploads\/2024\/04\/cookies.png","type":"","width":"","height":""}],"twitter_card":"summary_large_image","twitter_misc":{"Tempo di lettura stimato":"7 minuti"},"schema":{"@context":"https:\/\/schema.org","@graph":[{"@type":"WebPage","@id":"https:\/\/www.modehotel.it\/it_it\/privacy-policy\/","url":"https:\/\/www.modehotel.it\/it_it\/privacy-policy\/","name":"Privacy Policy - Eco Mood Hotel","isPartOf":{"@id":"https:\/\/www.modehotel.it\/it_it\/#website"},"primaryImageOfPage":{"@id":"https:\/\/www.modehotel.it\/it_it\/privacy-policy\/#primaryimage"},"image":{"@id":"https:\/\/www.modehotel.it\/it_it\/privacy-policy\/#primaryimage"},"thumbnailUrl":"http:\/\/www.modehotel.it\/wp-content\/uploads\/2024\/04\/cookies.png","datePublished":"2023-01-24T15:42:28+00:00","dateModified":"2025-04-28T08:06:29+00:00","breadcrumb":{"@id":"https:\/\/www.modehotel.it\/it_it\/privacy-policy\/#breadcrumb"},"inLanguage":"it-IT","potentialAction":[{"@type":"ReadAction","target":["https:\/\/www.modehotel.it\/it_it\/privacy-policy\/"]}]},{"@type":"ImageObject","inLanguage":"it-IT","@id":"https:\/\/www.modehotel.it\/it_it\/privacy-policy\/#primaryimage","url":"http:\/\/www.modehotel.it\/wp-content\/uploads\/2024\/04\/cookies.png","contentUrl":"http:\/\/www.modehotel.it\/wp-content\/uploads\/2024\/04\/cookies.png"},{"@type":"BreadcrumbList","@id":"https:\/\/www.modehotel.it\/it_it\/privacy-policy\/#breadcrumb","itemListElement":[{"@type":"ListItem","position":1,"name":"Home","item":"https:\/\/www.modehotel.it\/"},{"@type":"ListItem","position":2,"name":"Privacy Policy"}]},{"@type":"WebSite","@id":"https:\/\/www.modehotel.it\/it_it\/#website","url":"https:\/\/www.modehotel.it\/it_it\/","name":"www.modehotel.it","description":"doing things differently","publisher":{"@id":"https:\/\/www.modehotel.it\/it_it\/#organization"},"alternateName":"Mode Hotel - Eco Mood Hotel","potentialAction":[{"@type":"SearchAction","target":{"@type":"EntryPoint","urlTemplate":"https:\/\/www.modehotel.it\/it_it\/?s={search_term_string}"},"query-input":{"@type":"PropertyValueSpecification","valueRequired":true,"valueName":"search_term_string"}}],"inLanguage":"it-IT"},{"@type":"Organization","@id":"https:\/\/www.modehotel.it\/it_it\/#organization","name":"www.modehotel.it","url":"https:\/\/www.modehotel.it\/it_it\/","logo":{"@type":"ImageObject","inLanguage":"it-IT","@id":"https:\/\/www.modehotel.it\/it_it\/#\/schema\/logo\/image\/","url":"https:\/\/www.modehotel.it\/wp-content\/uploads\/2023\/03\/eco-mood-hotel-small.png","contentUrl":"https:\/\/www.modehotel.it\/wp-content\/uploads\/2023\/03\/eco-mood-hotel-small.png","width":200,"height":82,"caption":"www.modehotel.it"},"image":{"@id":"https:\/\/www.modehotel.it\/it_it\/#\/schema\/logo\/image\/"}}]}},"_links":{"self":[{"href":"https:\/\/www.modehotel.it\/it_it\/wp-json\/wp\/v2\/pages\/3","targetHints":{"allow":["GET"]}}],"collection":[{"href":"https:\/\/www.modehotel.it\/it_it\/wp-json\/wp\/v2\/pages"}],"about":[{"href":"https:\/\/www.modehotel.it\/it_it\/wp-json\/wp\/v2\/types\/page"}],"author":[{"embeddable":true,"href":"https:\/\/www.modehotel.it\/it_it\/wp-json\/wp\/v2\/users\/1"}],"replies":[{"embeddable":true,"href":"https:\/\/www.modehotel.it\/it_it\/wp-json\/wp\/v2\/comments?post=3"}],"version-history":[{"count":6,"href":"https:\/\/www.modehotel.it\/it_it\/wp-json\/wp\/v2\/pages\/3\/revisions"}],"predecessor-version":[{"id":4063,"href":"https:\/\/www.modehotel.it\/it_it\/wp-json\/wp\/v2\/pages\/3\/revisions\/4063"}],"wp:attachment":[{"href":"https:\/\/www.modehotel.it\/it_it\/wp-json\/wp\/v2\/media?parent=3"}],"curies":[{"name":"wp","href":"https:\/\/api.w.org\/{rel}","templated":true}]}}